{"id":155,"date":"2026-01-26T17:39:56","date_gmt":"2026-01-26T17:39:56","guid":{"rendered":"https:\/\/coffeecavalier.com\/?post_type=product&#038;p=155"},"modified":"2026-01-27T11:58:43","modified_gmt":"2026-01-27T10:58:43","slug":"turkish","status":"publish","type":"product","link":"https:\/\/coffeecavalier.com\/en\/product\/turkish\/","title":{"rendered":"Turkish"},"content":{"rendered":"<p>Uklju\u010duje: Turkish 250g \/ 500g \/ 1kg \u2013 pr\u017eena mljevena, 100% Arabica<br \/>\nUzgojena na 1200 metara nadmorske visine, zrna prolaze kroz pomno prirodno procesuiranje, zadr\u017eavaju\u0107i \u010disto\u0107u okusa<br \/>\nIncludes: Turkish 250g \/ 500g \/ 1kg \u2013 roasted ground coffee, 100% Arabica.\nGrown at an altitude of 1,200 meters, the beans undergo careful natural processing,\npreserving the purity of flavor.\nCo\u01afee beans from Brazil, roasted and packed in Croatia.<\/p>","protected":false},"excerpt":{"rendered":"<p>Fino mljevena kava sna\u017enog karaktera i punog tijela, stvorena za tradicionalnu pripremu i dugotrajan okus.<br \/>\nMje\u0161avina Arabice (Catuai i Bourbon) &#8211; nudi profinjenu ravnote\u017eu bogatih nota tamne \u010dokolade i pr\u017eenih lje\u0161njaka.<br \/>\nFinely ground co\u01afee with a bold character and full body, created for traditional\npreparation and long-lasting flavor.\nArabica blend (Catuai and Bourbon) \u2013 o\u01afers a refined balance of rich dark chocolate\nnotes and roasted hazelnuts.\nDesigned for ritual and slow enjoyment.<\/p>","protected":false},"featured_media":143,"comment_status":"closed","ping_status":"closed","template":"","meta":{"site-sidebar-layout":"default","site-content-layout":"","ast-site-content-layout":"default","site-content-style":"default","site-sidebar-style":"default","ast-global-header-display":"","ast-banner-title-visibility":"","ast-main-header-display":"","ast-hfb-above-header-display":"","ast-hfb-below-header-display":"","ast-hfb-mobile-header-display":"","site-post-title":"","ast-breadcrumbs-content":"","ast-featured-img":"","footer-sml-layout":"","ast-disable-related-posts":"","theme-transparent-header-meta":"default","adv-header-id-meta":"","stick-header-meta":"","header-above-stick-meta":"","header-main-stick-meta":"","header-below-stick-meta":"","astra-migrate-meta-layouts":"set","ast-page-background-enabled":"default","ast-page-background-meta":{"desktop":{"background-color":"var(--ast-global-color-5)","background-image":"","background-repeat":"repeat","background-position":"center center","background-size":"auto","background-attachment":"scroll","background-type":"","background-media":"","overlay-type":"","overlay-color":"","overlay-opacity":"","overlay-gradient":""},"tablet":{"background-color":"","background-image":"","background-repeat":"repeat","background-position":"center center","background-size":"auto","background-attachment":"scroll","background-type":"","background-media":"","overlay-type":"","overlay-color":"","overlay-opacity":"","overlay-gradient":""},"mobile":{"background-color":"","background-image":"","background-repeat":"repeat","background-position":"center center","background-size":"auto","background-attachment":"scroll","background-type":"","background-media":"","overlay-type":"","overlay-color":"","overlay-opacity":"","overlay-gradient":""}},"ast-content-background-meta":{"desktop":{"background-color":"var(--ast-global-color-4)","background-image":"","background-repeat":"repeat","background-position":"center center","background-size":"auto","background-attachment":"scroll","background-type":"","background-media":"","overlay-type":"","overlay-color":"","overlay-opacity":"","overlay-gradient":""},"tablet":{"background-color":"var(--ast-global-color-4)","background-image":"","background-repeat":"repeat","background-position":"center center","background-size":"auto","background-attachment":"scroll","background-type":"","background-media":"","overlay-type":"","overlay-color":"","overlay-opacity":"","overlay-gradient":""},"mobile":{"background-color":"var(--ast-global-color-4)","background-image":"","background-repeat":"repeat","background-position":"center center","background-size":"auto","background-attachment":"scroll","background-type":"","background-media":"","overlay-type":"","overlay-color":"","overlay-opacity":"","overlay-gradient":""}}},"product_brand":[],"product_cat":[20],"product_tag":[],"class_list":{"0":"post-155","1":"product","2":"type-product","3":"status-publish","4":"has-post-thumbnail","6":"product_cat-kava","7":"desktop-align-left","8":"tablet-align-left","9":"mobile-align-left","11":"first","12":"instock","13":"taxable","14":"shipping-taxable","15":"purchasable","16":"product-type-variable"},"_links":{"self":[{"href":"https:\/\/coffeecavalier.com\/en\/wp-json\/wp\/v2\/product\/155","targetHints":{"allow":["GET"]}}],"collection":[{"href":"https:\/\/coffeecavalier.com\/en\/wp-json\/wp\/v2\/product"}],"about":[{"href":"https:\/\/coffeecavalier.com\/en\/wp-json\/wp\/v2\/types\/product"}],"replies":[{"embeddable":true,"href":"https:\/\/coffeecavalier.com\/en\/wp-json\/wp\/v2\/comments?post=155"}],"wp:featuredmedia":[{"embeddable":true,"href":"https:\/\/coffeecavalier.com\/en\/wp-json\/wp\/v2\/media\/143"}],"wp:attachment":[{"href":"https:\/\/coffeecavalier.com\/en\/wp-json\/wp\/v2\/media?parent=155"}],"wp:term":[{"taxonomy":"product_brand","embeddable":true,"href":"https:\/\/coffeecavalier.com\/en\/wp-json\/wp\/v2\/product_brand?post=155"},{"taxonomy":"product_cat","embeddable":true,"href":"https:\/\/coffeecavalier.com\/en\/wp-json\/wp\/v2\/product_cat?post=155"},{"taxonomy":"product_tag","embeddable":true,"href":"https:\/\/coffeecavalier.com\/en\/wp-json\/wp\/v2\/product_tag?post=155"}],"curies":[{"name":"wp","href":"https:\/\/api.w.org\/{rel}","templated":true}]}}