{"id":150,"date":"2026-01-26T17:29:12","date_gmt":"2026-01-26T17:29:12","guid":{"rendered":"https:\/\/coffeecavalier.com\/?post_type=product&#038;p=150"},"modified":"2026-01-27T11:58:56","modified_gmt":"2026-01-27T10:58:56","slug":"moka","status":"publish","type":"product","link":"https:\/\/coffeecavalier.com\/en\/product\/moka\/","title":{"rendered":"Moka"},"content":{"rendered":"<p>Uklju\u010duje: Moka 250g \/ 500g \/ 1kg \u2013 pr\u017eena mljevena, 100% Arabica<br \/>\nUzgojena na 1200 metara nadmorske visine, zrna prolaze kroz pomno prirodno procesuiranje, zadr\u017eavaju\u0107i \u010disto\u0107u okusa.<br \/>\nIncludes: Turkish 250g \/ 500g \/ 1kg \u2013 roasted ground coffee, 100% Arabica.\nGrown at an altitude of 1,200 meters, the beans undergo careful natural processing,\npreserving the purity of flavor.\nCo\u01afee beans from Brazil, roasted and packed in Croatia.<\/p>","protected":false},"excerpt":{"rendered":"<p class=\"translation-block\">A rich and rounded medium-strength co\u01afee, ideal for moka pot preparation, with a\nsmooth body and a warm chocolate finish.\nArabica blend (Catuai and Bourbon) \u2013 o\u01afers a refined balance of rich dark chocolate\nnotes and roasted hazelnuts.\nRoasted and ground specifically for moka preparation, providing a consistent aroma and\na smooth, bitterness-free cup.<\/p>","protected":false},"featured_media":145,"comment_status":"closed","ping_status":"closed","template":"","meta":{"site-sidebar-layout":"default","site-content-layout":"","ast-site-content-layout":"default","site-content-style":"default","site-sidebar-style":"default","ast-global-header-display":"","ast-banner-title-visibility":"","ast-main-header-display":"","ast-hfb-above-header-display":"","ast-hfb-below-header-display":"","ast-hfb-mobile-header-display":"","site-post-title":"","ast-breadcrumbs-content":"","ast-featured-img":"","footer-sml-layout":"","ast-disable-related-posts":"","theme-transparent-header-meta":"default","adv-header-id-meta":"","stick-header-meta":"","header-above-stick-meta":"","header-main-stick-meta":"","header-below-stick-meta":"","astra-migrate-meta-layouts":"set","ast-page-background-enabled":"default","ast-page-background-meta":{"desktop":{"background-color":"var(--ast-global-color-5)","background-image":"","background-repeat":"repeat","background-position":"center center","background-size":"auto","background-attachment":"scroll","background-type":"","background-media":"","overlay-type":"","overlay-color":"","overlay-opacity":"","overlay-gradient":""},"tablet":{"background-color":"","background-image":"","background-repeat":"repeat","background-position":"center center","background-size":"auto","background-attachment":"scroll","background-type":"","background-media":"","overlay-type":"","overlay-color":"","overlay-opacity":"","overlay-gradient":""},"mobile":{"background-color":"","background-image":"","background-repeat":"repeat","background-position":"center center","background-size":"auto","background-attachment":"scroll","background-type":"","background-media":"","overlay-type":"","overlay-color":"","overlay-opacity":"","overlay-gradient":""}},"ast-content-background-meta":{"desktop":{"background-color":"var(--ast-global-color-4)","background-image":"","background-repeat":"repeat","background-position":"center center","background-size":"auto","background-attachment":"scroll","background-type":"","background-media":"","overlay-type":"","overlay-color":"","overlay-opacity":"","overlay-gradient":""},"tablet":{"background-color":"var(--ast-global-color-4)","background-image":"","background-repeat":"repeat","background-position":"center center","background-size":"auto","background-attachment":"scroll","background-type":"","background-media":"","overlay-type":"","overlay-color":"","overlay-opacity":"","overlay-gradient":""},"mobile":{"background-color":"var(--ast-global-color-4)","background-image":"","background-repeat":"repeat","background-position":"center center","background-size":"auto","background-attachment":"scroll","background-type":"","background-media":"","overlay-type":"","overlay-color":"","overlay-opacity":"","overlay-gradient":""}}},"product_brand":[],"product_cat":[20],"product_tag":[],"class_list":{"0":"post-150","1":"product","2":"type-product","3":"status-publish","4":"has-post-thumbnail","6":"product_cat-kava","7":"desktop-align-left","8":"tablet-align-left","9":"mobile-align-left","11":"first","12":"instock","13":"taxable","14":"shipping-taxable","15":"purchasable","16":"product-type-variable"},"_links":{"self":[{"href":"https:\/\/coffeecavalier.com\/en\/wp-json\/wp\/v2\/product\/150","targetHints":{"allow":["GET"]}}],"collection":[{"href":"https:\/\/coffeecavalier.com\/en\/wp-json\/wp\/v2\/product"}],"about":[{"href":"https:\/\/coffeecavalier.com\/en\/wp-json\/wp\/v2\/types\/product"}],"replies":[{"embeddable":true,"href":"https:\/\/coffeecavalier.com\/en\/wp-json\/wp\/v2\/comments?post=150"}],"wp:featuredmedia":[{"embeddable":true,"href":"https:\/\/coffeecavalier.com\/en\/wp-json\/wp\/v2\/media\/145"}],"wp:attachment":[{"href":"https:\/\/coffeecavalier.com\/en\/wp-json\/wp\/v2\/media?parent=150"}],"wp:term":[{"taxonomy":"product_brand","embeddable":true,"href":"https:\/\/coffeecavalier.com\/en\/wp-json\/wp\/v2\/product_brand?post=150"},{"taxonomy":"product_cat","embeddable":true,"href":"https:\/\/coffeecavalier.com\/en\/wp-json\/wp\/v2\/product_cat?post=150"},{"taxonomy":"product_tag","embeddable":true,"href":"https:\/\/coffeecavalier.com\/en\/wp-json\/wp\/v2\/product_tag?post=150"}],"curies":[{"name":"wp","href":"https:\/\/api.w.org\/{rel}","templated":true}]}}